{"id":20320,"date":"2015-07-22T18:47:11","date_gmt":"2015-07-22T16:47:11","guid":{"rendered":"https:\/\/www.shiki.at\/?page_id=20320"},"modified":"2026-03-16T11:16:04","modified_gmt":"2026-03-16T10:16:04","slug":"japanese-restaurant-vienna-5","status":"publish","type":"page","link":"https:\/\/www.shiki.at\/en\/japanese-restaurant-vienna-5\/","title":{"rendered":"AGBs"},"content":{"rendered":"<div class=\"fusion-fullwidth fullwidth-box fusion-builder-row-1 fusion-flex-container nonhundred-percent-fullwidth non-hundred-percent-height-scrolling\" style=\"--awb-border-radius-top-left:0px;--awb-border-radius-top-right:0px;--awb-border-radius-bottom-right:0px;--awb-border-radius-bottom-left:0px;--awb-flex-wrap:wrap;\" ><div class=\"fusion-builder-row fusion-row fusion-flex-align-items-flex-start fusion-flex-content-wrap\" style=\"max-width:1372.8px;margin-left: calc(-4% \/ 2 );margin-right: calc(-4% \/ 2 );\"><div class=\"fusion-layout-column fusion_builder_column fusion-builder-column-0 fusion_builder_column_1_1 1_1 fusion-flex-column\" style=\"--awb-bg-size:cover;--awb-width-large:100%;--awb-margin-top-large:0px;--awb-spacing-right-large:1.92%;--awb-margin-bottom-large:0px;--awb-spacing-left-large:1.92%;--awb-width-medium:100%;--awb-spacing-right-medium:1.92%;--awb-spacing-left-medium:1.92%;--awb-width-small:100%;--awb-spacing-right-small:1.92%;--awb-spacing-left-small:1.92%;\"><div class=\"fusion-column-wrapper fusion-flex-justify-content-flex-start fusion-content-layout-column\"><div class=\"fusion-text fusion-text-1\"><p><b>Allgemeine Gesch\u00e4ftsbedingungen<\/b><\/p>\n<p><b>1. Erwerb<\/b><\/p>\n<p>Shiki Gutscheine k\u00f6nnen online auf shiki.at\/shop\u00a0oder direkt im Restaurant Shiki Fine Dining | Brasserie | Bar gekauft werden.<\/p>\n<p>Die Gutscheine sind in \u20ac50 \/ \u20ac100 \/ \u20ac150 \/ \u20ac200 \/ \u20ac250 und \u20ac300 erh\u00e4ltlich.<\/p>\n<p><b>2. Zahlung und Versand<\/b><\/p>\n<p>Der Erwerb von Gutscheinen direkt im Restaurant\u00a0 k\u00f6nnen diese mit einem von uns akzeptierten\u00a0 Zahlungsmittel beglichen werden.<\/p>\n<p>Beim online Kauf von Gutscheinen kann die Zahlung wahlweise Visa, Mastercard, Card Complete oder Direkt\u00fcberweisung\u00a0 get\u00e4tigt werden. Pro online Bestellung wird eine Bearbeitungsgeb\u00fchr von \u20ac\u00a02.50 f\u00fcr Shiki Gutscheine erhoben.<\/p>\n<p>Die Lieferung erfolgt nach Erhalt der Zahlung eingeschrieben per Post.<\/p>\n<p><b>3. G\u00fcltigkeit und Nutzungsbedingungen<\/b><\/p>\n<p>Shiki Gutscheine sind unbegrenzt g\u00fcltig.<\/p>\n<p>Shiki Gutscheine sind nicht pers\u00f6nlich und k\u00f6nnen frei \u00fcbertragen oder weitergegeben werden.<\/p>\n<p>Shiki Gutscheine k\u00f6nnen nicht in Bargeld umgetauscht werden, hingegen wird R\u00fcckgeld bis zu 10% des Gutscheinwertes ausbezahlt, sollte der offene Betrag h\u00f6her sein, wird ein neuer Gutschein ausgestellt.<\/p>\n<p>Bei Verlust k\u00f6nnen unsere Gutscheine weder r\u00fcckerstattet noch ersetzt werden.<\/p>\n<p><b>4. Anwendbares Recht und Gerichtsstand<\/b><\/p>\n<p>Diese Allgemeinen Gesch\u00e4ftsbedingungen unterliegen \u00f6sterreichischem\u00a0 Recht. Ausschliesslicher Gerichtsstand ist Wien (\u00d6sterreich)<\/p>\n<p>Stand: Juni 2015<\/p>\n<\/div><\/div><\/div><\/div><\/div>\n","protected":false},"excerpt":{"rendered":"","protected":false},"author":1,"featured_media":0,"parent":0,"menu_order":0,"comment_status":"closed","ping_status":"closed","template":"","meta":{"footnotes":""},"class_list":["post-20320","page","type-page","status-publish","hentry"],"yoast_head":"<!-- This site is optimized with the Yoast SEO plugin v27.2 - https:\/\/yoast.com\/product\/yoast-seo-wordpress\/ -->\n<title>AGBs - SHIKI Japanese Cuisine - Japanisches Restaurant in Wien<\/title>\n<meta name=\"description\" content=\"Japanese restaurant in Vienna: SHIKI Japanese Cuisine offers authentic sushi, sashimi, wagyu and seasonal dishes in Vienna\u2019s first district.\" \/>\n<meta name=\"robots\" content=\"index, follow, max-snippet:-1, max-image-preview:large, max-video-preview:-1\" \/>\n<link rel=\"canonical\" href=\"https:\/\/www.shiki.at\/en\/japanese-restaurant-vienna-5\/\" \/>\n<meta property=\"og:locale\" content=\"en_US\" \/>\n<meta property=\"og:type\" content=\"article\" \/>\n<meta property=\"og:title\" content=\"AGBs - SHIKI Japanese Cuisine - Japanisches Restaurant in Wien\" \/>\n<meta property=\"og:description\" content=\"Japanese restaurant in Vienna: SHIKI Japanese Cuisine offers authentic sushi, sashimi, wagyu and seasonal dishes in Vienna\u2019s first district.\" \/>\n<meta property=\"og:url\" content=\"https:\/\/www.shiki.at\/en\/japanese-restaurant-vienna-5\/\" \/>\n<meta property=\"og:site_name\" content=\"SHIKI Japanese Cuisine - Japanisches Restaurant in Wien\" \/>\n<meta property=\"article:publisher\" content=\"https:\/\/www.facebook.com\/shikivienna\" \/>\n<meta property=\"article:modified_time\" content=\"2026-03-16T10:16:04+00:00\" \/>\n<meta name=\"twitter:label1\" content=\"Est. reading time\" \/>\n\t<meta name=\"twitter:data1\" content=\"1 minute\" \/>\n<script type=\"application\/ld+json\" class=\"yoast-schema-graph\">{\"@context\":\"https:\/\/schema.org\",\"@graph\":[{\"@type\":\"WebPage\",\"@id\":\"https:\/\/www.shiki.at\/en\/japanese-restaurant-vienna-5\/\",\"url\":\"https:\/\/www.shiki.at\/en\/japanese-restaurant-vienna-5\/\",\"name\":\"AGBs - SHIKI Japanese Cuisine - Japanisches Restaurant in Wien\",\"isPartOf\":{\"@id\":\"https:\/\/www.shiki.at\/en\/#website\"},\"datePublished\":\"2015-07-22T16:47:11+00:00\",\"dateModified\":\"2026-03-16T10:16:04+00:00\",\"description\":\"Japanese restaurant in Vienna: SHIKI Japanese Cuisine offers authentic sushi, sashimi, wagyu and seasonal dishes in Vienna\u2019s first district.\",\"breadcrumb\":{\"@id\":\"https:\/\/www.shiki.at\/en\/japanese-restaurant-vienna-5\/#breadcrumb\"},\"inLanguage\":\"en-US\",\"potentialAction\":[{\"@type\":\"ReadAction\",\"target\":[\"https:\/\/www.shiki.at\/en\/japanese-restaurant-vienna-5\/\"]}]},{\"@type\":\"BreadcrumbList\",\"@id\":\"https:\/\/www.shiki.at\/en\/japanese-restaurant-vienna-5\/#breadcrumb\",\"itemListElement\":[{\"@type\":\"ListItem\",\"position\":1,\"name\":\"Home\",\"item\":\"https:\/\/www.shiki.at\/en\/\"},{\"@type\":\"ListItem\",\"position\":2,\"name\":\"AGBs\"}]},{\"@type\":\"WebSite\",\"@id\":\"https:\/\/www.shiki.at\/en\/#website\",\"url\":\"https:\/\/www.shiki.at\/en\/\",\"name\":\"SHIKI Japanese Cuisine - Japanisches Restaurant in Wien\",\"description\":\"SHIKI Japanese Cuisine - Japanisches Restaurant in Wien\",\"potentialAction\":[{\"@type\":\"SearchAction\",\"target\":{\"@type\":\"EntryPoint\",\"urlTemplate\":\"https:\/\/www.shiki.at\/en\/?s={search_term_string}\"},\"query-input\":{\"@type\":\"PropertyValueSpecification\",\"valueRequired\":true,\"valueName\":\"search_term_string\"}}],\"inLanguage\":\"en-US\"}]}<\/script>\n<!-- \/ Yoast SEO plugin. -->","yoast_head_json":{"title":"AGBs - SHIKI Japanese Cuisine - Japanisches Restaurant in Wien","description":"Japanese restaurant in Vienna: SHIKI Japanese Cuisine offers authentic sushi, sashimi, wagyu and seasonal dishes in Vienna\u2019s first district.","robots":{"index":"index","follow":"follow","max-snippet":"max-snippet:-1","max-image-preview":"max-image-preview:large","max-video-preview":"max-video-preview:-1"},"canonical":"https:\/\/www.shiki.at\/en\/japanese-restaurant-vienna-5\/","og_locale":"en_US","og_type":"article","og_title":"AGBs - SHIKI Japanese Cuisine - Japanisches Restaurant in Wien","og_description":"Japanese restaurant in Vienna: SHIKI Japanese Cuisine offers authentic sushi, sashimi, wagyu and seasonal dishes in Vienna\u2019s first district.","og_url":"https:\/\/www.shiki.at\/en\/japanese-restaurant-vienna-5\/","og_site_name":"SHIKI Japanese Cuisine - Japanisches Restaurant in Wien","article_publisher":"https:\/\/www.facebook.com\/shikivienna","article_modified_time":"2026-03-16T10:16:04+00:00","twitter_misc":{"Est. reading time":"1 minute"},"schema":{"@context":"https:\/\/schema.org","@graph":[{"@type":"WebPage","@id":"https:\/\/www.shiki.at\/en\/japanese-restaurant-vienna-5\/","url":"https:\/\/www.shiki.at\/en\/japanese-restaurant-vienna-5\/","name":"AGBs - SHIKI Japanese Cuisine - Japanisches Restaurant in Wien","isPartOf":{"@id":"https:\/\/www.shiki.at\/en\/#website"},"datePublished":"2015-07-22T16:47:11+00:00","dateModified":"2026-03-16T10:16:04+00:00","description":"Japanese restaurant in Vienna: SHIKI Japanese Cuisine offers authentic sushi, sashimi, wagyu and seasonal dishes in Vienna\u2019s first district.","breadcrumb":{"@id":"https:\/\/www.shiki.at\/en\/japanese-restaurant-vienna-5\/#breadcrumb"},"inLanguage":"en-US","potentialAction":[{"@type":"ReadAction","target":["https:\/\/www.shiki.at\/en\/japanese-restaurant-vienna-5\/"]}]},{"@type":"BreadcrumbList","@id":"https:\/\/www.shiki.at\/en\/japanese-restaurant-vienna-5\/#breadcrumb","itemListElement":[{"@type":"ListItem","position":1,"name":"Home","item":"https:\/\/www.shiki.at\/en\/"},{"@type":"ListItem","position":2,"name":"AGBs"}]},{"@type":"WebSite","@id":"https:\/\/www.shiki.at\/en\/#website","url":"https:\/\/www.shiki.at\/en\/","name":"SHIKI Japanese Cuisine - Japanisches Restaurant in Wien","description":"SHIKI Japanese Cuisine - Japanisches Restaurant in Wien","potentialAction":[{"@type":"SearchAction","target":{"@type":"EntryPoint","urlTemplate":"https:\/\/www.shiki.at\/en\/?s={search_term_string}"},"query-input":{"@type":"PropertyValueSpecification","valueRequired":true,"valueName":"search_term_string"}}],"inLanguage":"en-US"}]}},"_links":{"self":[{"href":"https:\/\/www.shiki.at\/en\/wp-json\/wp\/v2\/pages\/20320","targetHints":{"allow":["GET"]}}],"collection":[{"href":"https:\/\/www.shiki.at\/en\/wp-json\/wp\/v2\/pages"}],"about":[{"href":"https:\/\/www.shiki.at\/en\/wp-json\/wp\/v2\/types\/page"}],"author":[{"embeddable":true,"href":"https:\/\/www.shiki.at\/en\/wp-json\/wp\/v2\/users\/1"}],"replies":[{"embeddable":true,"href":"https:\/\/www.shiki.at\/en\/wp-json\/wp\/v2\/comments?post=20320"}],"version-history":[{"count":1,"href":"https:\/\/www.shiki.at\/en\/wp-json\/wp\/v2\/pages\/20320\/revisions"}],"predecessor-version":[{"id":21192,"href":"https:\/\/www.shiki.at\/en\/wp-json\/wp\/v2\/pages\/20320\/revisions\/21192"}],"wp:attachment":[{"href":"https:\/\/www.shiki.at\/en\/wp-json\/wp\/v2\/media?parent=20320"}],"curies":[{"name":"wp","href":"https:\/\/api.w.org\/{rel}","templated":true}]}}