{"id":12005,"date":"2015-06-03T17:16:52","date_gmt":"2015-06-03T15:16:52","guid":{"rendered":"http:\/\/www.tokyo-ensemble.com\/SHIKI\/?post_type=product&#038;p=12005"},"modified":"2025-01-15T15:37:32","modified_gmt":"2025-01-15T14:37:32","slug":"300-eur-gutschein","status":"publish","type":"product","link":"https:\/\/www.shiki.at\/en\/produkt\/300-eur-gutschein\/","title":{"rendered":"Gutschein \/ Voucher"},"content":{"rendered":"<div class=\"fusion-fullwidth fullwidth-box fusion-builder-row-1 fusion-flex-container nonhundred-percent-fullwidth non-hundred-percent-height-scrolling\" style=\"--awb-border-radius-top-left:0px;--awb-border-radius-top-right:0px;--awb-border-radius-bottom-right:0px;--awb-border-radius-bottom-left:0px;--awb-flex-wrap:wrap;\" ><div class=\"fusion-builder-row fusion-row fusion-flex-align-items-flex-start fusion-flex-content-wrap\" style=\"max-width:1372.8px;margin-left: calc(-4% \/ 2 );margin-right: calc(-4% \/ 2 );\"><div class=\"fusion-layout-column fusion_builder_column fusion-builder-column-0 fusion_builder_column_1_1 1_1 fusion-flex-column\" style=\"--awb-bg-size:cover;--awb-width-large:100%;--awb-margin-top-large:0px;--awb-spacing-right-large:1.92%;--awb-margin-bottom-large:0px;--awb-spacing-left-large:1.92%;--awb-width-medium:100%;--awb-spacing-right-medium:1.92%;--awb-spacing-left-medium:1.92%;--awb-width-small:100%;--awb-spacing-right-small:1.92%;--awb-spacing-left-small:1.92%;\"><div class=\"fusion-column-wrapper fusion-flex-justify-content-flex-start fusion-content-layout-column\"><div class=\"fusion-text fusion-text-1\"><p>Das ideale Geschenk f\u00fcr Ihre Freunde, Gesch\u00e4ftspartner &amp; Familie &#8211; die Sie damit nicht nur kulinarisch verw\u00f6hnen &#8211; geh\u00f6rt die Japanische K\u00fcche doch seit 2013 \u00a0zum UNESCO-Weltkulturerbe.<\/p>\n<\/div><\/div><\/div><\/div><\/div>\n","protected":false},"excerpt":{"rendered":"","protected":false},"featured_media":12536,"comment_status":"closed","ping_status":"closed","template":"","meta":[],"product_brand":[],"product_cat":[154],"product_tag":[],"class_list":{"0":"post-12005","1":"product","2":"type-product","3":"status-publish","4":"has-post-thumbnail","6":"product_cat-unkategorisiert","7":"product_shipping_class-gutschein","9":"first","10":"instock","11":"shipping-taxable","12":"purchasable","13":"product-type-simple"},"yoast_head":"<!-- This site is optimized with the Yoast SEO plugin v27.2 - https:\/\/yoast.com\/product\/yoast-seo-wordpress\/ -->\n<title>Gutschein \/ Voucher - SHIKI Japanese Cuisine - Japanisches Restaurant in Wien<\/title>\n<meta name=\"robots\" content=\"index, follow, max-snippet:-1, max-image-preview:large, max-video-preview:-1\" \/>\n<link rel=\"canonical\" href=\"https:\/\/www.shiki.at\/en\/produkt\/300-eur-gutschein\/\" \/>\n<meta property=\"og:locale\" content=\"en_US\" \/>\n<meta property=\"og:type\" content=\"article\" \/>\n<meta property=\"og:title\" content=\"Gutschein \/ Voucher - SHIKI Japanese Cuisine - Japanisches Restaurant in Wien\" \/>\n<meta property=\"og:url\" content=\"https:\/\/www.shiki.at\/en\/produkt\/300-eur-gutschein\/\" \/>\n<meta property=\"og:site_name\" content=\"SHIKI Japanese Cuisine - Japanisches Restaurant in Wien\" \/>\n<meta property=\"article:publisher\" content=\"https:\/\/www.facebook.com\/shikivienna\" \/>\n<meta property=\"article:modified_time\" content=\"2025-01-15T14:37:32+00:00\" \/>\n<meta property=\"og:image\" content=\"https:\/\/www.shiki.at\/wp-content\/uploads\/2015\/06\/gutscheine_300.jpg\" \/>\n\t<meta property=\"og:image:width\" content=\"979\" \/>\n\t<meta property=\"og:image:height\" content=\"979\" \/>\n\t<meta property=\"og:image:type\" content=\"image\/jpeg\" \/>\n<meta name=\"twitter:label1\" content=\"Est. reading time\" \/>\n\t<meta name=\"twitter:data1\" content=\"1 minute\" \/>\n<script type=\"application\/ld+json\" class=\"yoast-schema-graph\">{\"@context\":\"https:\/\/schema.org\",\"@graph\":[{\"@type\":\"WebPage\",\"@id\":\"https:\/\/www.shiki.at\/en\/produkt\/300-eur-gutschein\/\",\"url\":\"https:\/\/www.shiki.at\/en\/produkt\/300-eur-gutschein\/\",\"name\":\"Gutschein \/ Voucher - SHIKI Japanese Cuisine - Japanisches Restaurant in Wien\",\"isPartOf\":{\"@id\":\"https:\/\/www.shiki.at\/en\/#website\"},\"primaryImageOfPage\":{\"@id\":\"https:\/\/www.shiki.at\/en\/produkt\/300-eur-gutschein\/#primaryimage\"},\"image\":{\"@id\":\"https:\/\/www.shiki.at\/en\/produkt\/300-eur-gutschein\/#primaryimage\"},\"thumbnailUrl\":\"https:\/\/www.shiki.at\/wp-content\/uploads\/2015\/06\/gutscheine_300.jpg\",\"datePublished\":\"2015-06-03T15:16:52+00:00\",\"dateModified\":\"2025-01-15T14:37:32+00:00\",\"breadcrumb\":{\"@id\":\"https:\/\/www.shiki.at\/en\/produkt\/300-eur-gutschein\/#breadcrumb\"},\"inLanguage\":\"en-US\",\"potentialAction\":[{\"@type\":\"ReadAction\",\"target\":[\"https:\/\/www.shiki.at\/en\/produkt\/300-eur-gutschein\/\"]}]},{\"@type\":\"ImageObject\",\"inLanguage\":\"en-US\",\"@id\":\"https:\/\/www.shiki.at\/en\/produkt\/300-eur-gutschein\/#primaryimage\",\"url\":\"https:\/\/www.shiki.at\/wp-content\/uploads\/2015\/06\/gutscheine_300.jpg\",\"contentUrl\":\"https:\/\/www.shiki.at\/wp-content\/uploads\/2015\/06\/gutscheine_300.jpg\",\"width\":979,\"height\":979,\"caption\":\"SHIKI Japanese Cuisine \u2013 Sushi, Wagyu & Seasonal Japanese Dishes, Lunch, Dinner Restaurant in Vienna, Austria\"},{\"@type\":\"BreadcrumbList\",\"@id\":\"https:\/\/www.shiki.at\/en\/produkt\/300-eur-gutschein\/#breadcrumb\",\"itemListElement\":[{\"@type\":\"ListItem\",\"position\":1,\"name\":\"Home\",\"item\":\"https:\/\/www.shiki.at\/en\/\"},{\"@type\":\"ListItem\",\"position\":2,\"name\":\"Shop\",\"item\":\"https:\/\/www.shiki.at\/shop\/\"},{\"@type\":\"ListItem\",\"position\":3,\"name\":\"Gutschein \/ Voucher\"}]},{\"@type\":\"WebSite\",\"@id\":\"https:\/\/www.shiki.at\/en\/#website\",\"url\":\"https:\/\/www.shiki.at\/en\/\",\"name\":\"SHIKI Japanese Cuisine - Japanisches Restaurant in Wien\",\"description\":\"SHIKI Japanese Cuisine - Japanisches Restaurant in Wien\",\"potentialAction\":[{\"@type\":\"SearchAction\",\"target\":{\"@type\":\"EntryPoint\",\"urlTemplate\":\"https:\/\/www.shiki.at\/en\/?s={search_term_string}\"},\"query-input\":{\"@type\":\"PropertyValueSpecification\",\"valueRequired\":true,\"valueName\":\"search_term_string\"}}],\"inLanguage\":\"en-US\"}]}<\/script>\n<!-- \/ Yoast SEO plugin. -->","yoast_head_json":{"title":"Gutschein \/ Voucher - SHIKI Japanese Cuisine - Japanisches Restaurant in Wien","robots":{"index":"index","follow":"follow","max-snippet":"max-snippet:-1","max-image-preview":"max-image-preview:large","max-video-preview":"max-video-preview:-1"},"canonical":"https:\/\/www.shiki.at\/en\/produkt\/300-eur-gutschein\/","og_locale":"en_US","og_type":"article","og_title":"Gutschein \/ Voucher - SHIKI Japanese Cuisine - Japanisches Restaurant in Wien","og_url":"https:\/\/www.shiki.at\/en\/produkt\/300-eur-gutschein\/","og_site_name":"SHIKI Japanese Cuisine - Japanisches Restaurant in Wien","article_publisher":"https:\/\/www.facebook.com\/shikivienna","article_modified_time":"2025-01-15T14:37:32+00:00","og_image":[{"width":979,"height":979,"url":"https:\/\/www.shiki.at\/wp-content\/uploads\/2015\/06\/gutscheine_300.jpg","type":"image\/jpeg"}],"twitter_misc":{"Est. reading time":"1 minute"},"schema":{"@context":"https:\/\/schema.org","@graph":[{"@type":"WebPage","@id":"https:\/\/www.shiki.at\/en\/produkt\/300-eur-gutschein\/","url":"https:\/\/www.shiki.at\/en\/produkt\/300-eur-gutschein\/","name":"Gutschein \/ Voucher - SHIKI Japanese Cuisine - Japanisches Restaurant in Wien","isPartOf":{"@id":"https:\/\/www.shiki.at\/en\/#website"},"primaryImageOfPage":{"@id":"https:\/\/www.shiki.at\/en\/produkt\/300-eur-gutschein\/#primaryimage"},"image":{"@id":"https:\/\/www.shiki.at\/en\/produkt\/300-eur-gutschein\/#primaryimage"},"thumbnailUrl":"https:\/\/www.shiki.at\/wp-content\/uploads\/2015\/06\/gutscheine_300.jpg","datePublished":"2015-06-03T15:16:52+00:00","dateModified":"2025-01-15T14:37:32+00:00","breadcrumb":{"@id":"https:\/\/www.shiki.at\/en\/produkt\/300-eur-gutschein\/#breadcrumb"},"inLanguage":"en-US","potentialAction":[{"@type":"ReadAction","target":["https:\/\/www.shiki.at\/en\/produkt\/300-eur-gutschein\/"]}]},{"@type":"ImageObject","inLanguage":"en-US","@id":"https:\/\/www.shiki.at\/en\/produkt\/300-eur-gutschein\/#primaryimage","url":"https:\/\/www.shiki.at\/wp-content\/uploads\/2015\/06\/gutscheine_300.jpg","contentUrl":"https:\/\/www.shiki.at\/wp-content\/uploads\/2015\/06\/gutscheine_300.jpg","width":979,"height":979,"caption":"SHIKI Japanese Cuisine \u2013 Sushi, Wagyu & Seasonal Japanese Dishes, Lunch, Dinner Restaurant in Vienna, Austria"},{"@type":"BreadcrumbList","@id":"https:\/\/www.shiki.at\/en\/produkt\/300-eur-gutschein\/#breadcrumb","itemListElement":[{"@type":"ListItem","position":1,"name":"Home","item":"https:\/\/www.shiki.at\/en\/"},{"@type":"ListItem","position":2,"name":"Shop","item":"https:\/\/www.shiki.at\/shop\/"},{"@type":"ListItem","position":3,"name":"Gutschein \/ Voucher"}]},{"@type":"WebSite","@id":"https:\/\/www.shiki.at\/en\/#website","url":"https:\/\/www.shiki.at\/en\/","name":"SHIKI Japanese Cuisine - Japanisches Restaurant in Wien","description":"SHIKI Japanese Cuisine - Japanisches Restaurant in Wien","potentialAction":[{"@type":"SearchAction","target":{"@type":"EntryPoint","urlTemplate":"https:\/\/www.shiki.at\/en\/?s={search_term_string}"},"query-input":{"@type":"PropertyValueSpecification","valueRequired":true,"valueName":"search_term_string"}}],"inLanguage":"en-US"}]}},"_links":{"self":[{"href":"https:\/\/www.shiki.at\/en\/wp-json\/wp\/v2\/product\/12005","targetHints":{"allow":["GET"]}}],"collection":[{"href":"https:\/\/www.shiki.at\/en\/wp-json\/wp\/v2\/product"}],"about":[{"href":"https:\/\/www.shiki.at\/en\/wp-json\/wp\/v2\/types\/product"}],"replies":[{"embeddable":true,"href":"https:\/\/www.shiki.at\/en\/wp-json\/wp\/v2\/comments?post=12005"}],"wp:featuredmedia":[{"embeddable":true,"href":"https:\/\/www.shiki.at\/en\/wp-json\/wp\/v2\/media\/12536"}],"wp:attachment":[{"href":"https:\/\/www.shiki.at\/en\/wp-json\/wp\/v2\/media?parent=12005"}],"wp:term":[{"taxonomy":"product_brand","embeddable":true,"href":"https:\/\/www.shiki.at\/en\/wp-json\/wp\/v2\/product_brand?post=12005"},{"taxonomy":"product_cat","embeddable":true,"href":"https:\/\/www.shiki.at\/en\/wp-json\/wp\/v2\/product_cat?post=12005"},{"taxonomy":"product_tag","embeddable":true,"href":"https:\/\/www.shiki.at\/en\/wp-json\/wp\/v2\/product_tag?post=12005"}],"curies":[{"name":"wp","href":"https:\/\/api.w.org\/{rel}","templated":true}]}}