{"id":18285,"date":"2015-08-23T13:57:17","date_gmt":"2015-08-23T11:57:17","guid":{"rendered":"https:\/\/www.shiki.at\/produkt\/the-art-of-shiki-japanische-kochkunst-in-europa-book-only-german\/"},"modified":"2025-01-15T15:36:55","modified_gmt":"2025-01-15T14:36:55","slug":"the-art-of-shiki-japanische-kochkunst-in-europa-book-only-german","status":"publish","type":"product","link":"https:\/\/www.shiki.at\/en\/produkt\/the-art-of-shiki-japanische-kochkunst-in-europa-book-only-german\/","title":{"rendered":"The Art of Shiki &#8211; Japanische Kochkunst in Europa &#8211; Book (only German)"},"content":{"rendered":"<div class=\"fusion-fullwidth fullwidth-box fusion-builder-row-1 fusion-flex-container nonhundred-percent-fullwidth non-hundred-percent-height-scrolling\" style=\"--awb-border-radius-top-left:0px;--awb-border-radius-top-right:0px;--awb-border-radius-bottom-right:0px;--awb-border-radius-bottom-left:0px;--awb-flex-wrap:wrap;\" ><div class=\"fusion-builder-row fusion-row fusion-flex-align-items-flex-start fusion-flex-content-wrap\" style=\"max-width:1372.8px;margin-left: calc(-4% \/ 2 );margin-right: calc(-4% \/ 2 );\"><div class=\"fusion-layout-column fusion_builder_column fusion-builder-column-0 fusion_builder_column_1_1 1_1 fusion-flex-column\" style=\"--awb-bg-size:cover;--awb-width-large:100%;--awb-margin-top-large:0px;--awb-spacing-right-large:1.92%;--awb-margin-bottom-large:20px;--awb-spacing-left-large:1.92%;--awb-width-medium:100%;--awb-order-medium:0;--awb-spacing-right-medium:1.92%;--awb-spacing-left-medium:1.92%;--awb-width-small:100%;--awb-order-small:0;--awb-spacing-right-small:1.92%;--awb-spacing-left-small:1.92%;\"><div class=\"fusion-column-wrapper fusion-column-has-shadow fusion-flex-justify-content-flex-start fusion-content-layout-column\"><div class=\"fusion-image-carousel fusion-image-carousel-fixed fusion-image-carousel-1 fusion-carousel-border\"><div class=\"awb-carousel awb-swiper awb-swiper-carousel awb-carousel--carousel awb-swiper-dots-position-bottom\" data-layout=\"carousel\" data-autoplay=\"no\" data-autoplayspeed=\"2500\" data-autoplaypause=\"no\" data-loop=\"yes\" data-columns=\"5\" data-columnsmedium=\"1\" data-columnssmall=\"1\" data-itemmargin=\"13\" data-itemwidth=\"180\" data-touchscroll=\"no\" data-freemode=\"no\" data-imagesize=\"fixed\" data-scrollitems=\"0\" data-centeredslides=\"no\" data-rotationangle=\"50\" data-depth=\"100\" data-speed=\"500\" data-shadow=\"no\" data-pagination=\"bullets\" style=\"--awb-border-width:1px;--awb-border-color:#e9eaee;\"><div class=\"swiper-wrapper awb-image-carousel-wrapper fusion-flex-align-items-center\"><div class=\"swiper-slide\"><div class=\"fusion-carousel-item-wrapper\"><div class=\"fusion-image-wrapper hover-type-none\"><img decoding=\"async\" width=\"320\" height=\"202\" src=\"data:image\/svg+xml,%3Csvg%20xmlns%3D%27http%3A%2F%2Fwww.w3.org%2F2000%2Fsvg%27%20width%3D%271920%27%20height%3D%271080%27%20viewBox%3D%270%200%201920%201080%27%3E%3Crect%20width%3D%271920%27%20height%3D%271080%27%20fill-opacity%3D%220%22%2F%3E%3C%2Fsvg%3E\" class=\"attachment-blog-medium size-blog-medium lazyload\" alt=\"Omakase course at SHIKI Japanese Cuisine restaurant  in Vienna\u2019s first district\" data-orig-src=\"https:\/\/www.shiki.at\/wp-content\/uploads\/2021\/01\/Shiki-Buch-Page2-320x202.jpg\" \/><\/div><\/div><\/div><div class=\"swiper-slide\"><div class=\"fusion-carousel-item-wrapper\"><div class=\"fusion-image-wrapper hover-type-none\"><img decoding=\"async\" width=\"320\" height=\"202\" src=\"data:image\/svg+xml,%3Csvg%20xmlns%3D%27http%3A%2F%2Fwww.w3.org%2F2000%2Fsvg%27%20width%3D%271920%27%20height%3D%271080%27%20viewBox%3D%270%200%201920%201080%27%3E%3Crect%20width%3D%271920%27%20height%3D%271080%27%20fill-opacity%3D%220%22%2F%3E%3C%2Fsvg%3E\" class=\"attachment-blog-medium size-blog-medium lazyload\" alt=\"Seasonal sushi course served at SHIKI Japanese Cuisine restaurant in Vienna\" data-orig-src=\"https:\/\/www.shiki.at\/wp-content\/uploads\/2021\/09\/Magazine-Animation-0002627-320x202.jpg\" \/><\/div><\/div><\/div><div class=\"swiper-slide\"><div class=\"fusion-carousel-item-wrapper\"><div class=\"fusion-image-wrapper hover-type-none\"><img decoding=\"async\" width=\"320\" height=\"202\" src=\"data:image\/svg+xml,%3Csvg%20xmlns%3D%27http%3A%2F%2Fwww.w3.org%2F2000%2Fsvg%27%20width%3D%271920%27%20height%3D%271080%27%20viewBox%3D%270%200%201920%201080%27%3E%3Crect%20width%3D%271920%27%20height%3D%271080%27%20fill-opacity%3D%220%22%2F%3E%3C%2Fsvg%3E\" class=\"attachment-blog-medium size-blog-medium lazyload\" alt=\"Seasonal sushi course served at SHIKI Japanese Cuisine restaurant in Vienna\" data-orig-src=\"https:\/\/www.shiki.at\/wp-content\/uploads\/2021\/09\/Magazine-Animation-0003825-320x202.jpg\" \/><\/div><\/div><\/div><div class=\"swiper-slide\"><div class=\"fusion-carousel-item-wrapper\"><div class=\"fusion-image-wrapper hover-type-none\"><img decoding=\"async\" width=\"320\" height=\"202\" src=\"data:image\/svg+xml,%3Csvg%20xmlns%3D%27http%3A%2F%2Fwww.w3.org%2F2000%2Fsvg%27%20width%3D%271920%27%20height%3D%271080%27%20viewBox%3D%270%200%201920%201080%27%3E%3Crect%20width%3D%271920%27%20height%3D%271080%27%20fill-opacity%3D%220%22%2F%3E%3C%2Fsvg%3E\" class=\"attachment-blog-medium size-blog-medium lazyload\" alt=\"Seasonal sushi course served at SHIKI Japanese Cuisine restaurant in Vienna\" data-orig-src=\"https:\/\/www.shiki.at\/wp-content\/uploads\/2021\/01\/Magazine-Animation-0004810-320x202.jpg\" \/><\/div><\/div><\/div><div class=\"swiper-slide\"><div class=\"fusion-carousel-item-wrapper\"><div class=\"fusion-image-wrapper hover-type-none\"><img decoding=\"async\" width=\"320\" height=\"202\" src=\"data:image\/svg+xml,%3Csvg%20xmlns%3D%27http%3A%2F%2Fwww.w3.org%2F2000%2Fsvg%27%20width%3D%271920%27%20height%3D%271080%27%20viewBox%3D%270%200%201920%201080%27%3E%3Crect%20width%3D%271920%27%20height%3D%271080%27%20fill-opacity%3D%220%22%2F%3E%3C%2Fsvg%3E\" class=\"attachment-blog-medium size-blog-medium lazyload\" alt=\"Omakase course at SHIKI Japanese Cuisine restaurant  in Vienna\u2019s first district\" data-orig-src=\"https:\/\/www.shiki.at\/wp-content\/uploads\/2021\/01\/Magazine-Animation-0001524-320x202.jpg\" \/><\/div><\/div><\/div><\/div><div class=\"awb-swiper-button awb-swiper-button-prev\"><i class=\"awb-icon-angle-left\" aria-hidden=\"true\"><\/i><\/div><div class=\"awb-swiper-button awb-swiper-button-next\"><i class=\"awb-icon-angle-right\" aria-hidden=\"true\"><\/i><\/div><\/div><\/div><div class=\"fusion-text fusion-text-1\"><div>\n<p><strong>Ende September 2021 erschien das erste kulinarische Werk von Joji Hattori in Zusammenarbeit mit Alois Traint im Pichler Verlag. Unter dem Titel \u201eThe Art of Shiki\u201c gibt der Spitzengastronom, Musiker und Unternehmer pers\u00f6nliche Einblicke in die Vielfalt der japanischen K\u00fcche: Von einfachen, allt\u00e4glichen Rezepten bis hin zu Gerichten aus Hattoris eigenem Restaurant \u2013 dem Michelin-Stern-pr\u00e4mierten Shiki in der Wiener Innenstadt.<\/strong><\/p>\n<\/div>\n<div>\n<p>Die japanische K\u00fcche gilt als besonders fettarm und gesund und erfreut sich seit Jahren gro\u00dfer Beliebtheit. Obwohl japanische Spezialit\u00e4ten wie Sushi und Sashimi, Ramen oder Misosuppe und edle Zutaten wie Wagyu oder Sake vielen europ\u00e4ischen Gourmets ein Begriff sind, trauen sich die wenigsten zu, zu Hause auf japanische Art zu kochen.<\/p>\n<\/div>\n<div>\n<p>Das Buch\u00a0<strong>\u201eThe Art of Shiki\u201c<\/strong>\u00a0hilft Europ\u00e4ern dabei, sich mit den Grundlagen der japanischen K\u00fcche vertraut zu machen, liefert authentische Hintergrundgeschichten und birgt mehr als 50 Rezepte \u2013 von einfacher Hausmannskost bis hin zur Shiki-Gourmetk\u00fcche.<\/p>\n<\/div>\n<div>\n<p>\u00dcber die Autoren:<\/p>\n<\/div>\n<div>\n<p><strong>Joji Hattori<\/strong>\u00a0ist in vielerlei Hinsicht ein \u201eWanderer zwischen den Welten\u201c. In ihm vereinen sich Kunst-, Kultur und Genusssinn und machen ihn damit zu einem Multitalent mit Grenzen \u00fcberschreitenden Wurzeln. In Tokio geboren und in Wien aufgewachsen, sieht er aus wie ein Japaner, spricht wie ein \u00d6sterreicher und hat sein Herz in beiden Welten. Der erfolgreiche Konzertgeiger und Dirigent pflegte stets seine Passion f\u00fcr gutes Essen. 2015 erf\u00fcllte er sich seinen Lebenstraum eines eigenen Restaurants mit der Er\u00f6ffnung des Shiki im Herzen Wiens, in dem er das Beste aus japanischer und europ\u00e4ischer Kultur verbindet.<\/p>\n<\/div>\n<div><strong>Alois Traint<\/strong>\u00a0ist seit Anfang 2016 Chef de Cuisine im Shiki. 2018 wurde der geb\u00fcrtige Nieder\u00f6sterreicher und Wahlwiener f\u00fcr das Shiki mit einem Michelin-Stern ausgezeichnet, somit wurde er zu einem der weltweit an einer Hand abz\u00e4hlbaren, nicht-japanischen Sternek\u00f6che der japanischen K\u00fcche. Der 3-Hauben- Koch, der \u201eFreude\u201c als wichtigste Grundzutat f\u00fcr seine Kreationen nennt, besitzt die gr\u00f6\u00dfte Sammlung an japanischen Kochmessern in \u00d6sterreich.<\/div>\n<\/div><\/div><\/div><\/div><\/div>\n","protected":false},"excerpt":{"rendered":"","protected":false},"featured_media":18286,"comment_status":"closed","ping_status":"closed","template":"","meta":[],"product_brand":[],"product_cat":[],"product_tag":[],"class_list":{"0":"post-18285","1":"product","2":"type-product","3":"status-publish","4":"has-post-thumbnail","7":"first","8":"instock","9":"featured","10":"shipping-taxable","11":"purchasable","12":"product-type-simple"},"yoast_head":"<!-- This site is optimized with the Yoast SEO plugin v27.5 - https:\/\/yoast.com\/product\/yoast-seo-wordpress\/ -->\n<title>The Art of Shiki - Japanische Kochkunst in Europa - Book (only German) - SHIKI Japanese Cuisine - Japanisches Restaurant in Wien<\/title>\n<meta name=\"robots\" content=\"index, follow, max-snippet:-1, max-image-preview:large, max-video-preview:-1\" \/>\n<link rel=\"canonical\" href=\"https:\/\/www.shiki.at\/en\/produkt\/the-art-of-shiki-japanische-kochkunst-in-europa-book-only-german\/\" \/>\n<meta property=\"og:locale\" content=\"en_US\" \/>\n<meta property=\"og:type\" content=\"article\" \/>\n<meta property=\"og:title\" content=\"The Art of Shiki - Japanische Kochkunst in Europa - Book (only German) - SHIKI Japanese Cuisine - Japanisches Restaurant in Wien\" \/>\n<meta property=\"og:url\" content=\"https:\/\/www.shiki.at\/en\/produkt\/the-art-of-shiki-japanische-kochkunst-in-europa-book-only-german\/\" \/>\n<meta property=\"og:site_name\" content=\"SHIKI Japanese Cuisine - Japanisches Restaurant in Wien\" \/>\n<meta property=\"article:publisher\" content=\"https:\/\/www.facebook.com\/shikivienna\" \/>\n<meta property=\"article:modified_time\" content=\"2025-01-15T14:36:55+00:00\" \/>\n<meta property=\"og:image\" content=\"https:\/\/www.shiki.at\/wp-content\/uploads\/2021\/08\/SHIKI-ART-COVER-FINAL-sm.jpg\" \/>\n\t<meta property=\"og:image:width\" content=\"793\" \/>\n\t<meta property=\"og:image:height\" content=\"1000\" \/>\n\t<meta property=\"og:image:type\" content=\"image\/jpeg\" \/>\n<meta name=\"twitter:label1\" content=\"Est. reading time\" \/>\n\t<meta name=\"twitter:data1\" content=\"5 minutes\" \/>\n<script type=\"application\/ld+json\" class=\"yoast-schema-graph\">{\"@context\":\"https:\\\/\\\/schema.org\",\"@graph\":[{\"@type\":\"WebPage\",\"@id\":\"https:\\\/\\\/www.shiki.at\\\/en\\\/produkt\\\/the-art-of-shiki-japanische-kochkunst-in-europa-book-only-german\\\/\",\"url\":\"https:\\\/\\\/www.shiki.at\\\/en\\\/produkt\\\/the-art-of-shiki-japanische-kochkunst-in-europa-book-only-german\\\/\",\"name\":\"The Art of Shiki - Japanische Kochkunst in Europa - Book (only German) - SHIKI Japanese Cuisine - Japanisches Restaurant in Wien\",\"isPartOf\":{\"@id\":\"https:\\\/\\\/www.shiki.at\\\/en\\\/#website\"},\"primaryImageOfPage\":{\"@id\":\"https:\\\/\\\/www.shiki.at\\\/en\\\/produkt\\\/the-art-of-shiki-japanische-kochkunst-in-europa-book-only-german\\\/#primaryimage\"},\"image\":{\"@id\":\"https:\\\/\\\/www.shiki.at\\\/en\\\/produkt\\\/the-art-of-shiki-japanische-kochkunst-in-europa-book-only-german\\\/#primaryimage\"},\"thumbnailUrl\":\"https:\\\/\\\/www.shiki.at\\\/wp-content\\\/uploads\\\/2021\\\/08\\\/SHIKI-ART-COVER-FINAL-sm.jpg\",\"datePublished\":\"2015-08-23T11:57:17+00:00\",\"dateModified\":\"2025-01-15T14:36:55+00:00\",\"breadcrumb\":{\"@id\":\"https:\\\/\\\/www.shiki.at\\\/en\\\/produkt\\\/the-art-of-shiki-japanische-kochkunst-in-europa-book-only-german\\\/#breadcrumb\"},\"inLanguage\":\"en-US\",\"potentialAction\":[{\"@type\":\"ReadAction\",\"target\":[\"https:\\\/\\\/www.shiki.at\\\/en\\\/produkt\\\/the-art-of-shiki-japanische-kochkunst-in-europa-book-only-german\\\/\"]}]},{\"@type\":\"ImageObject\",\"inLanguage\":\"en-US\",\"@id\":\"https:\\\/\\\/www.shiki.at\\\/en\\\/produkt\\\/the-art-of-shiki-japanische-kochkunst-in-europa-book-only-german\\\/#primaryimage\",\"url\":\"https:\\\/\\\/www.shiki.at\\\/wp-content\\\/uploads\\\/2021\\\/08\\\/SHIKI-ART-COVER-FINAL-sm.jpg\",\"contentUrl\":\"https:\\\/\\\/www.shiki.at\\\/wp-content\\\/uploads\\\/2021\\\/08\\\/SHIKI-ART-COVER-FINAL-sm.jpg\",\"width\":793,\"height\":1000,\"caption\":\"SHIKI Japanese Cuisine \u2013 Sushi, Wagyu & Seasonal Japanese Dishes, Lunch, Dinner Restaurant in Vienna, Austria\"},{\"@type\":\"BreadcrumbList\",\"@id\":\"https:\\\/\\\/www.shiki.at\\\/en\\\/produkt\\\/the-art-of-shiki-japanische-kochkunst-in-europa-book-only-german\\\/#breadcrumb\",\"itemListElement\":[{\"@type\":\"ListItem\",\"position\":1,\"name\":\"Home\",\"item\":\"https:\\\/\\\/www.shiki.at\\\/en\\\/\"},{\"@type\":\"ListItem\",\"position\":2,\"name\":\"Shop\",\"item\":\"https:\\\/\\\/www.shiki.at\\\/shop\\\/\"},{\"@type\":\"ListItem\",\"position\":3,\"name\":\"The Art of Shiki &#8211; Japanische Kochkunst in Europa &#8211; Book (only German)\"}]},{\"@type\":\"WebSite\",\"@id\":\"https:\\\/\\\/www.shiki.at\\\/en\\\/#website\",\"url\":\"https:\\\/\\\/www.shiki.at\\\/en\\\/\",\"name\":\"SHIKI Japanese Cuisine - Japanisches Restaurant in Wien\",\"description\":\"SHIKI Japanese Cuisine - Japanisches Restaurant in Wien\",\"potentialAction\":[{\"@type\":\"SearchAction\",\"target\":{\"@type\":\"EntryPoint\",\"urlTemplate\":\"https:\\\/\\\/www.shiki.at\\\/en\\\/?s={search_term_string}\"},\"query-input\":{\"@type\":\"PropertyValueSpecification\",\"valueRequired\":true,\"valueName\":\"search_term_string\"}}],\"inLanguage\":\"en-US\"}]}<\/script>\n<!-- \/ Yoast SEO plugin. -->","yoast_head_json":{"title":"The Art of Shiki - Japanische Kochkunst in Europa - Book (only German) - SHIKI Japanese Cuisine - Japanisches Restaurant in Wien","robots":{"index":"index","follow":"follow","max-snippet":"max-snippet:-1","max-image-preview":"max-image-preview:large","max-video-preview":"max-video-preview:-1"},"canonical":"https:\/\/www.shiki.at\/en\/produkt\/the-art-of-shiki-japanische-kochkunst-in-europa-book-only-german\/","og_locale":"en_US","og_type":"article","og_title":"The Art of Shiki - Japanische Kochkunst in Europa - Book (only German) - SHIKI Japanese Cuisine - Japanisches Restaurant in Wien","og_url":"https:\/\/www.shiki.at\/en\/produkt\/the-art-of-shiki-japanische-kochkunst-in-europa-book-only-german\/","og_site_name":"SHIKI Japanese Cuisine - Japanisches Restaurant in Wien","article_publisher":"https:\/\/www.facebook.com\/shikivienna","article_modified_time":"2025-01-15T14:36:55+00:00","og_image":[{"width":793,"height":1000,"url":"https:\/\/www.shiki.at\/wp-content\/uploads\/2021\/08\/SHIKI-ART-COVER-FINAL-sm.jpg","type":"image\/jpeg"}],"twitter_misc":{"Est. reading time":"5 minutes"},"schema":{"@context":"https:\/\/schema.org","@graph":[{"@type":"WebPage","@id":"https:\/\/www.shiki.at\/en\/produkt\/the-art-of-shiki-japanische-kochkunst-in-europa-book-only-german\/","url":"https:\/\/www.shiki.at\/en\/produkt\/the-art-of-shiki-japanische-kochkunst-in-europa-book-only-german\/","name":"The Art of Shiki - Japanische Kochkunst in Europa - Book (only German) - SHIKI Japanese Cuisine - Japanisches Restaurant in Wien","isPartOf":{"@id":"https:\/\/www.shiki.at\/en\/#website"},"primaryImageOfPage":{"@id":"https:\/\/www.shiki.at\/en\/produkt\/the-art-of-shiki-japanische-kochkunst-in-europa-book-only-german\/#primaryimage"},"image":{"@id":"https:\/\/www.shiki.at\/en\/produkt\/the-art-of-shiki-japanische-kochkunst-in-europa-book-only-german\/#primaryimage"},"thumbnailUrl":"https:\/\/www.shiki.at\/wp-content\/uploads\/2021\/08\/SHIKI-ART-COVER-FINAL-sm.jpg","datePublished":"2015-08-23T11:57:17+00:00","dateModified":"2025-01-15T14:36:55+00:00","breadcrumb":{"@id":"https:\/\/www.shiki.at\/en\/produkt\/the-art-of-shiki-japanische-kochkunst-in-europa-book-only-german\/#breadcrumb"},"inLanguage":"en-US","potentialAction":[{"@type":"ReadAction","target":["https:\/\/www.shiki.at\/en\/produkt\/the-art-of-shiki-japanische-kochkunst-in-europa-book-only-german\/"]}]},{"@type":"ImageObject","inLanguage":"en-US","@id":"https:\/\/www.shiki.at\/en\/produkt\/the-art-of-shiki-japanische-kochkunst-in-europa-book-only-german\/#primaryimage","url":"https:\/\/www.shiki.at\/wp-content\/uploads\/2021\/08\/SHIKI-ART-COVER-FINAL-sm.jpg","contentUrl":"https:\/\/www.shiki.at\/wp-content\/uploads\/2021\/08\/SHIKI-ART-COVER-FINAL-sm.jpg","width":793,"height":1000,"caption":"SHIKI Japanese Cuisine \u2013 Sushi, Wagyu & Seasonal Japanese Dishes, Lunch, Dinner Restaurant in Vienna, Austria"},{"@type":"BreadcrumbList","@id":"https:\/\/www.shiki.at\/en\/produkt\/the-art-of-shiki-japanische-kochkunst-in-europa-book-only-german\/#breadcrumb","itemListElement":[{"@type":"ListItem","position":1,"name":"Home","item":"https:\/\/www.shiki.at\/en\/"},{"@type":"ListItem","position":2,"name":"Shop","item":"https:\/\/www.shiki.at\/shop\/"},{"@type":"ListItem","position":3,"name":"The Art of Shiki &#8211; Japanische Kochkunst in Europa &#8211; Book (only German)"}]},{"@type":"WebSite","@id":"https:\/\/www.shiki.at\/en\/#website","url":"https:\/\/www.shiki.at\/en\/","name":"SHIKI Japanese Cuisine - Japanisches Restaurant in Wien","description":"SHIKI Japanese Cuisine - Japanisches Restaurant in Wien","potentialAction":[{"@type":"SearchAction","target":{"@type":"EntryPoint","urlTemplate":"https:\/\/www.shiki.at\/en\/?s={search_term_string}"},"query-input":{"@type":"PropertyValueSpecification","valueRequired":true,"valueName":"search_term_string"}}],"inLanguage":"en-US"}]}},"_links":{"self":[{"href":"https:\/\/www.shiki.at\/en\/wp-json\/wp\/v2\/product\/18285","targetHints":{"allow":["GET"]}}],"collection":[{"href":"https:\/\/www.shiki.at\/en\/wp-json\/wp\/v2\/product"}],"about":[{"href":"https:\/\/www.shiki.at\/en\/wp-json\/wp\/v2\/types\/product"}],"replies":[{"embeddable":true,"href":"https:\/\/www.shiki.at\/en\/wp-json\/wp\/v2\/comments?post=18285"}],"wp:featuredmedia":[{"embeddable":true,"href":"https:\/\/www.shiki.at\/en\/wp-json\/wp\/v2\/media\/18286"}],"wp:attachment":[{"href":"https:\/\/www.shiki.at\/en\/wp-json\/wp\/v2\/media?parent=18285"}],"wp:term":[{"taxonomy":"product_brand","embeddable":true,"href":"https:\/\/www.shiki.at\/en\/wp-json\/wp\/v2\/product_brand?post=18285"},{"taxonomy":"product_cat","embeddable":true,"href":"https:\/\/www.shiki.at\/en\/wp-json\/wp\/v2\/product_cat?post=18285"},{"taxonomy":"product_tag","embeddable":true,"href":"https:\/\/www.shiki.at\/en\/wp-json\/wp\/v2\/product_tag?post=18285"}],"curies":[{"name":"wp","href":"https:\/\/api.w.org\/{rel}","templated":true}]}}